{"id":2,"date":"2016-05-10T03:48:21","date_gmt":"2016-05-10T03:48:21","guid":{"rendered":"http:\/\/newpage.sadeva.de\/?page_id=2"},"modified":"2026-04-21T13:25:31","modified_gmt":"2026-04-21T11:25:31","slug":"sample-page","status":"publish","type":"page","link":"https:\/\/sadeva.de\/","title":{"rendered":"Herzlich Willkommen&#8230;"},"content":{"rendered":"\n<figure class=\"wp-block-image alignleft size-full\"><img loading=\"lazy\" decoding=\"async\" width=\"650\" height=\"350\" src=\"https:\/\/sadeva.de\/wp-content\/uploads\/2025\/05\/Sadeva_Werbebanner_650_350.jpg\" alt=\"\" class=\"wp-image-1552\" srcset=\"https:\/\/sadeva.de\/wp-content\/uploads\/2025\/05\/Sadeva_Werbebanner_650_350.jpg 650w, https:\/\/sadeva.de\/wp-content\/uploads\/2025\/05\/Sadeva_Werbebanner_650_350-300x162.jpg 300w\" sizes=\"auto, (max-width: 650px) 100vw, 650px\" \/><\/figure>\n\n\n<p><span style=\"color: #e900ff;\"><strong>und viel Spa\u00df beim St\u00f6bern&#8230;<\/strong><\/span><\/p>\n<p>&nbsp;<\/p>\n<p><span style=\"color: #ff0000;\"><strong><a style=\"color: #ff0000;\" href=\"https:\/\/sadeva.de\/wp-content\/uploads\/2026\/04\/2026_0430_Muecke_CB_Special_Mai.pdf\"><span style=\"color: #e900ff;\">SETLISTE f\u00fcr den 30.04.2026 in M\u00fccke zum ausdrucken und downloaden<\/span><\/a><\/strong><\/span><\/p>","protected":false},"excerpt":{"rendered":"<p>und viel Spa\u00df beim St\u00f6bern&#8230; &nbsp; SETLISTE f\u00fcr den 30.04.2026 in M\u00fccke zum ausdrucken und downloaden<\/p>\n","protected":false},"author":1,"featured_media":0,"parent":0,"menu_order":0,"comment_status":"closed","ping_status":"open","template":"","meta":{"colormag_page_container_layout":"default_layout","colormag_page_sidebar_layout":"default_layout","footnotes":""},"class_list":["post-2","page","type-page","status-publish","hentry"],"_links":{"self":[{"href":"https:\/\/sadeva.de\/index.php?rest_route=\/wp\/v2\/pages\/2","targetHints":{"allow":["GET"]}}],"collection":[{"href":"https:\/\/sadeva.de\/index.php?rest_route=\/wp\/v2\/pages"}],"about":[{"href":"https:\/\/sadeva.de\/index.php?rest_route=\/wp\/v2\/types\/page"}],"author":[{"embeddable":true,"href":"https:\/\/sadeva.de\/index.php?rest_route=\/wp\/v2\/users\/1"}],"replies":[{"embeddable":true,"href":"https:\/\/sadeva.de\/index.php?rest_route=%2Fwp%2Fv2%2Fcomments&post=2"}],"version-history":[{"count":19,"href":"https:\/\/sadeva.de\/index.php?rest_route=\/wp\/v2\/pages\/2\/revisions"}],"predecessor-version":[{"id":2288,"href":"https:\/\/sadeva.de\/index.php?rest_route=\/wp\/v2\/pages\/2\/revisions\/2288"}],"wp:attachment":[{"href":"https:\/\/sadeva.de\/index.php?rest_route=%2Fwp%2Fv2%2Fmedia&parent=2"}],"curies":[{"name":"wp","href":"https:\/\/api.w.org\/{rel}","templated":true}]}}