{"id":95,"date":"2019-06-18T00:06:17","date_gmt":"2019-06-17T22:06:17","guid":{"rendered":"http:\/\/newpage.sadeva.de\/?page_id=95"},"modified":"2025-05-13T18:22:12","modified_gmt":"2025-05-13T16:22:12","slug":"videos","status":"publish","type":"page","link":"https:\/\/sadeva.de\/?page_id=95","title":{"rendered":"Videos"},"content":{"rendered":"<div class=\"o9v6fnle cxmmr5t8 oygrvhab hcukyx3x c1et5uql ii04i59q\">\n<p dir=\"auto\"><strong><span style=\"color: #a18747;\"><span style=\"color: #e900ff;\"><strong style=\"font-size: inherit;\">Sadeva- \/ <a style=\"color: #e900ff;\" href=\"http:\/\/www.countrybell.de\" target=\"_blank\" rel=\"noopener noreferrer\">CountryBell<\/a>-Links zum Probeh\u00f6ren und Line-Dance-Videos&#8230;<\/strong><\/span><br \/><br \/>\u00dcber einen<\/span> <span style=\"color: #00ffff;\">Klick f\u00fcr ein Gratis-Abo unseres YouTube-Kanals<\/span> <span style=\"color: #ffffff;\"><a style=\"color: #ffffff;\" href=\"https:\/\/www.youtube.com\/user\/00BlackRoseMusic00\" target=\"_blank\" rel=\"noopener noreferrer\">Black Rose Music<\/a><\/span> <\/strong><span style=\"color: #a18747;\"><strong>w\u00fcrden wir uns sehr freuen&#8230;<\/strong><\/span><\/p>\n<\/div>\n\n\n<hr class=\"wp-block-separator has-text-color has-alpha-channel-opacity has-background is-style-wide\" style=\"background-color:#e900ff;color:#e900ff\"\/>\n\n\n\n<figure class=\"wp-block-embed alignleft is-type-video is-provider-youtube wp-block-embed-youtube wp-embed-aspect-16-9 wp-has-aspect-ratio\"><div class=\"wp-block-embed__wrapper\">\n<iframe loading=\"lazy\" title=\"Sadeva - Mamma Maria (Cover by Diana Sorbello)\" width=\"800\" height=\"450\" src=\"https:\/\/www.youtube.com\/embed\/3la3mmLJKv4?feature=oembed\" frameborder=\"0\" allow=\"accelerometer; autoplay; clipboard-write; encrypted-media; gyroscope; picture-in-picture; web-share\" referrerpolicy=\"strict-origin-when-cross-origin\" allowfullscreen><\/iframe>\n<\/div><\/figure>\n\n\n<p><span style=\"color: #00ffff;\"><strong>Sadeva<\/strong><\/span><br \/><strong><span style=\"color: #ffffff;\">Mamma Maria<\/span><\/strong><br \/><strong><span style=\"color: #00ffff;\">(Cover by Diana Sorbello)<\/span><\/strong><\/p>\n\n\n<div style=\"height:60px\" aria-hidden=\"true\" class=\"wp-block-spacer\"><\/div>\n\n\n\n<figure class=\"wp-block-embed alignleft is-type-video is-provider-youtube wp-block-embed-youtube wp-embed-aspect-16-9 wp-has-aspect-ratio\"><div class=\"wp-block-embed__wrapper\">\n<iframe loading=\"lazy\" title=\"Sadeva - Tage wie diese (Cover by Die Toten Hosen)\" width=\"800\" height=\"450\" src=\"https:\/\/www.youtube.com\/embed\/-OZT718TonU?feature=oembed\" frameborder=\"0\" allow=\"accelerometer; autoplay; clipboard-write; encrypted-media; gyroscope; picture-in-picture; web-share\" referrerpolicy=\"strict-origin-when-cross-origin\" allowfullscreen><\/iframe>\n<\/div><\/figure>\n\n\n<p><span style=\"color: #00ffff;\"><strong>Sadeva<\/strong><\/span><br \/><strong><span style=\"color: #ffffff;\">Tage wie diese<\/span><\/strong><br \/><strong><span style=\"color: #00ffff;\">(Cover by Die Toten Hosen)<\/span><\/strong><\/p>\n\n\n<div style=\"height:60px\" aria-hidden=\"true\" class=\"wp-block-spacer\"><\/div>\n\n\n\n<figure class=\"wp-block-embed alignleft is-type-video is-provider-youtube wp-block-embed-youtube wp-embed-aspect-16-9 wp-has-aspect-ratio\"><div class=\"wp-block-embed__wrapper\">\n<iframe loading=\"lazy\" title=\"CountryBell - Shania Twain (Line Dance Eigenchoreo - April 2019 - Lernen &amp; Tanzen)\" width=\"800\" height=\"450\" src=\"https:\/\/www.youtube.com\/embed\/hmjWcSxQmxw?feature=oembed\" frameborder=\"0\" allow=\"accelerometer; autoplay; clipboard-write; encrypted-media; gyroscope; picture-in-picture; web-share\" referrerpolicy=\"strict-origin-when-cross-origin\" allowfullscreen><\/iframe>\n<\/div><\/figure>\n\n\n<p><!--EndFragment--><a href=\"http:\/\/www.countrybell.de\"><strong><span style=\"color: #ff0000;\"><span style=\"color: #e900ff;\">CountryBell<\/span><\/span><\/strong><\/a><br \/><span style=\"color: #ffffff;\"><strong>Shania Twain<\/strong><\/span><br \/><strong><span style=\"color: #00ffff;\">(Eigenchoreo &#8211; April 2019)<\/span><\/strong><\/p>\n\n\n<div style=\"height:60px\" aria-hidden=\"true\" class=\"wp-block-spacer\"><\/div>\n\n\n\n<figure class=\"wp-block-embed alignleft is-type-video is-provider-youtube wp-block-embed-youtube wp-embed-aspect-16-9 wp-has-aspect-ratio\"><div class=\"wp-block-embed__wrapper\">\n<iframe loading=\"lazy\" title=\"CountryBell - Bad Case Of Loving You (Cover by Robert Palmer)\" width=\"800\" height=\"450\" src=\"https:\/\/www.youtube.com\/embed\/KJmuqzNM18E?feature=oembed\" frameborder=\"0\" allow=\"accelerometer; autoplay; clipboard-write; encrypted-media; gyroscope; picture-in-picture; web-share\" referrerpolicy=\"strict-origin-when-cross-origin\" allowfullscreen><\/iframe>\n<\/div><\/figure>\n\n\n<p><!--EndFragment--><span style=\"color: #e900ff;\"><span style=\"color: #00ffff;\"><strong>Sadeva als<\/strong><\/span> <a style=\"color: #e900ff;\" href=\"http:\/\/www.countrybell.de\"><strong>CountryBell<\/strong><\/a><\/span><br \/><strong><span style=\"color: #ffffff;\">Bad Case Of Loving You<\/span><\/strong><br \/><strong><span style=\"color: #00ffff;\">(Cover by Robert Palmer)<\/span><\/strong><\/p>\n\n\n<div style=\"height:60px\" aria-hidden=\"true\" class=\"wp-block-spacer\"><\/div>\n\n\n\n<figure class=\"wp-block-embed alignleft is-type-video is-provider-youtube wp-block-embed-youtube wp-embed-aspect-16-9 wp-has-aspect-ratio\"><div class=\"wp-block-embed__wrapper\">\n<iframe loading=\"lazy\" title=\"Countrybell mit Maybe He&#039;ll Notice Her Now beim 30. Rock &amp; Poppreis 2012\" width=\"800\" height=\"450\" src=\"https:\/\/www.youtube.com\/embed\/ONrnkIiBwuc?start=54&#038;feature=oembed\" frameborder=\"0\" allow=\"accelerometer; autoplay; clipboard-write; encrypted-media; gyroscope; picture-in-picture; web-share\" referrerpolicy=\"strict-origin-when-cross-origin\" allowfullscreen><\/iframe>\n<\/div><\/figure>\n\n\n<p><!--EndFragment--><strong><span style=\"color: #e900ff;\"><span style=\"color: #00ffff;\">Sadeva als<\/span> <a style=\"color: #e900ff;\" href=\"http:\/\/www.countrybell.de\">CountryBell<\/a><br \/><\/span><span style=\"color: #ffffff;\">Maybe He&#8217;ll Notice Her Now<\/span><\/strong><br \/><strong><span style=\"color: #00ffff;\">(Cover by Mindy McCready)<\/span><\/strong><\/p>\n\n\n<div style=\"height:60px\" aria-hidden=\"true\" class=\"wp-block-spacer\"><\/div>\n\n\n\n<figure class=\"wp-block-embed alignleft is-type-video is-provider-youtube wp-block-embed-youtube wp-embed-aspect-16-9 wp-has-aspect-ratio\"><div class=\"wp-block-embed__wrapper\">\n<iframe loading=\"lazy\" title=\"Countrybell mit Lay Down Your Love On Me beim 30. Rock &amp; Poppreis 2012\" width=\"800\" height=\"450\" src=\"https:\/\/www.youtube.com\/embed\/oEXvcm2b6Sg?start=16&#038;feature=oembed\" frameborder=\"0\" allow=\"accelerometer; autoplay; clipboard-write; encrypted-media; gyroscope; picture-in-picture; web-share\" referrerpolicy=\"strict-origin-when-cross-origin\" allowfullscreen><\/iframe>\n<\/div><\/figure>\n\n\n<p><!--EndFragment--><span style=\"color: #e900ff;\"><strong><span style=\"color: #00ffff;\">Sadeva als<\/span> <a style=\"color: #e900ff;\" href=\"http:\/\/www.countrybell.de\" data-wplink-edit=\"true\">CountryBell<\/a><br \/><\/strong><\/span><span style=\"color: #ffffff;\"><strong><span style=\"color: #ffffff;\">Lay<\/span> Down Your Love On Me<\/strong><br \/><strong><span style=\"color: #00ffff;\">(Original by CountryBell)<\/span><\/strong><\/span><\/p>\n\n\n<p><\/p>\n","protected":false},"excerpt":{"rendered":"<p>Sadeva- \/ CountryBell-Links zum Probeh\u00f6ren und Line-Dance-Videos&#8230; \u00dcber einen Klick f\u00fcr ein Gratis-Abo unseres YouTube-Kanals Black Rose Music w\u00fcrden wir<\/p>\n","protected":false},"author":1,"featured_media":0,"parent":0,"menu_order":0,"comment_status":"closed","ping_status":"closed","template":"","meta":{"colormag_page_container_layout":"default_layout","colormag_page_sidebar_layout":"default_layout","footnotes":""},"class_list":["post-95","page","type-page","status-publish","hentry"],"_links":{"self":[{"href":"https:\/\/sadeva.de\/index.php?rest_route=\/wp\/v2\/pages\/95","targetHints":{"allow":["GET"]}}],"collection":[{"href":"https:\/\/sadeva.de\/index.php?rest_route=\/wp\/v2\/pages"}],"about":[{"href":"https:\/\/sadeva.de\/index.php?rest_route=\/wp\/v2\/types\/page"}],"author":[{"embeddable":true,"href":"https:\/\/sadeva.de\/index.php?rest_route=\/wp\/v2\/users\/1"}],"replies":[{"embeddable":true,"href":"https:\/\/sadeva.de\/index.php?rest_route=%2Fwp%2Fv2%2Fcomments&post=95"}],"version-history":[{"count":34,"href":"https:\/\/sadeva.de\/index.php?rest_route=\/wp\/v2\/pages\/95\/revisions"}],"predecessor-version":[{"id":1713,"href":"https:\/\/sadeva.de\/index.php?rest_route=\/wp\/v2\/pages\/95\/revisions\/1713"}],"wp:attachment":[{"href":"https:\/\/sadeva.de\/index.php?rest_route=%2Fwp%2Fv2%2Fmedia&parent=95"}],"curies":[{"name":"wp","href":"https:\/\/api.w.org\/{rel}","templated":true}]}}